{"id":2123,"date":"2022-05-25T11:46:35","date_gmt":"2022-05-25T11:46:35","guid":{"rendered":"https:\/\/myneeds.se\/?page_id=2123"},"modified":"2023-05-30T15:07:53","modified_gmt":"2023-05-30T15:07:53","slug":"cookie-policy","status":"publish","type":"page","link":"https:\/\/myneeds.se\/en\/cookie-policy\/","title":{"rendered":"Cookie policy"},"content":{"rendered":"<div data-elementor-type=\"wp-page\" data-elementor-id=\"2123\" class=\"elementor elementor-2123\" data-elementor-post-type=\"page\">\n\t\t\t\t\t\t\t\t\t<section class=\"elementor-section elementor-top-section elementor-element elementor-element-02f5a95 elementor-section-height-min-height elementor-section-items-stretch elementor-section-stretched elementor-section-boxed elementor-section-height-default\" data-id=\"02f5a95\" data-element_type=\"section\" data-settings=\"{&quot;background_background&quot;:&quot;gradient&quot;,&quot;stretch_section&quot;:&quot;section-stretched&quot;}\">\n\t\t\t\t\t\t\t<div class=\"elementor-background-overlay\"><\/div>\n\t\t\t\t\t\t\t<div class=\"elementor-container elementor-column-gap-default\">\n\t\t\t\t\t<div class=\"elementor-column elementor-col-100 elementor-top-column elementor-element elementor-element-709f42b\" data-id=\"709f42b\" data-element_type=\"column\">\n\t\t\t<div class=\"elementor-widget-wrap elementor-element-populated\">\n\t\t\t\t\t\t\t\t<div class=\"elementor-element elementor-element-6832f03 elementor-widget elementor-widget-heading\" data-id=\"6832f03\" data-element_type=\"widget\" data-widget_type=\"heading.default\">\n\t\t\t\t<div class=\"elementor-widget-container\">\n\t\t\t<style>\/*! elementor - v3.14.0 - 26-06-2023 *\/\n.elementor-heading-title{padding:0;margin:0;line-height:1}.elementor-widget-heading .elementor-heading-title[class*=elementor-size-]>a{color:inherit;font-size:inherit;line-height:inherit}.elementor-widget-heading .elementor-heading-title.elementor-size-small{font-size:15px}.elementor-widget-heading .elementor-heading-title.elementor-size-medium{font-size:19px}.elementor-widget-heading .elementor-heading-title.elementor-size-large{font-size:29px}.elementor-widget-heading .elementor-heading-title.elementor-size-xl{font-size:39px}.elementor-widget-heading .elementor-heading-title.elementor-size-xxl{font-size:59px}<\/style><h2 class=\"elementor-heading-title elementor-size-default\">Cookie policy<\/h2>\t\t<\/div>\n\t\t\t\t<\/div>\n\t\t\t\t<div class=\"elementor-element elementor-element-3284da5 elementor-widget elementor-widget-text-editor\" data-id=\"3284da5\" data-element_type=\"widget\" data-widget_type=\"text-editor.default\">\n\t\t\t\t<div class=\"elementor-widget-container\">\n\t\t\t<style>\/*! elementor - v3.14.0 - 26-06-2023 *\/\n.elementor-widget-text-editor.elementor-drop-cap-view-stacked .elementor-drop-cap{background-color:#69727d;color:#fff}.elementor-widget-text-editor.elementor-drop-cap-view-framed .elementor-drop-cap{color:#69727d;border:3px solid;background-color:transparent}.elementor-widget-text-editor:not(.elementor-drop-cap-view-default) .elementor-drop-cap{margin-top:8px}.elementor-widget-text-editor:not(.elementor-drop-cap-view-default) .elementor-drop-cap-letter{width:1em;height:1em}.elementor-widget-text-editor .elementor-drop-cap{float:left;text-align:center;line-height:1;font-size:50px}.elementor-widget-text-editor .elementor-drop-cap-letter{display:inline-block}<\/style>\t\t\t\t<p><strong>VAD \u00c4R EN &#8221;COOKIE&#8221;?<\/strong><br \/>En cookie \u00e4r sm\u00e5 textfiler som skickas fr\u00e5n en webbplats till din webbl\u00e4sare. Dessa lagras p\u00e5 din dator och m\u00f6jligg\u00f6r att webbplatsen eller tj\u00e4nsten du bes\u00f6ker kan k\u00e4nna igen din webbl\u00e4sare och f\u00f6ra statistik.<\/p><p>Vi anv\u00e4nder s\u00e5 kallade icke-integritetskr\u00e4nkande cookies. Dessa hj\u00e4lper oss att sammanst\u00e4lla och samla in anonym data f\u00f6r webbtrafiken p\u00e5 v\u00e5r sajt samt interaktioner med v\u00e5r webbplats, vilket g\u00f6r att vi kan skapa en b\u00e4ttre upplevelse och verktyg i framtiden. Cookien identifierar endast den webbl\u00e4sare som finns installerad p\u00e5 din dator och som du anv\u00e4nder vid bes\u00f6ket p\u00e5 den aktuella webbsidan (\u00e4ven surfplattor och telefoner med internetuppkoppling omfattas). Olika cookies finns allts\u00e5 p\u00e5 olika datorer f\u00f6r det fall du anv\u00e4nder olika datorer f\u00f6r att n\u00e5 v\u00e5ra webbplatser.<\/p><p>Vi kan anv\u00e4nda cookies f\u00f6r att:<br \/>Samla in och sammanst\u00e4lla data f\u00f6r webbtrafik och interaktioner med v\u00e5r webbplats. Vi kan ocks\u00e5 anv\u00e4nda tj\u00e4nster fr\u00e5n p\u00e5litliga tredjepartsleverant\u00f6rer f\u00f6r att samla in denna data p\u00e5 v\u00e5ra v\u00e4gnar.<\/p><p><strong>Tredjepartsleverant\u00f6rer som kan anv\u00e4nda cookies:<\/strong><br \/>\u2022 Google Analytics<br \/>Google Analytics \u00e4r ett verktyg f\u00f6r att analysera webbplatser och som bla analyserar antal bes\u00f6kare och hur de navigerar f\u00f6r att vi ska kunna f\u00f6rb\u00e4ttra v\u00e5r webbplats.<\/p><p>Vill du veta mer om hur Google Analytics fungerar, se <a href=\"https:\/\/support.google.com\/analytics\/answer\/6004245?hl=sv&amp;ref_topic=2919631\" target=\"_blank\" rel=\"noopener\">https:\/\/support.google.com\/analytics\/answer\/6004245?hl=sv&amp;ref_topic=2919631<\/a><\/p><p><strong>Om du inte vill ha cookies:<\/strong><br \/>Du kan v\u00e4lja att din dator ska varna varje g\u00e5ng en cookie skall sparas, eller st\u00e4nga av alla cookies. Du g\u00f6r detta genom inst\u00e4llningarna i din webbl\u00e4sare. Varje webbl\u00e4sare har sina egna s\u00e4tt att g\u00f6ra detta p\u00e5; g\u00e5 till din webbl\u00e4sares hj\u00e4lpmeny f\u00f6r att f\u00e5 reda p\u00e5 hur du kan \u00e4ndra dina inst\u00e4llningar f\u00f6r cookies.<\/p><p><strong>Contact us!<\/strong><br \/>Om du har n\u00e5gra fr\u00e5gor g\u00e4llande denna policy, \u00e4r du alltid v\u00e4lkommen att kontakta oss.<\/p>\t\t\t\t\t\t<\/div>\n\t\t\t\t<\/div>\n\t\t\t\t\t<\/div>\n\t\t<\/div>\n\t\t\t\t\t\t\t<\/div>\n\t\t<\/section>\n\t\t\t\t\t\t\t<\/div>","protected":false},"excerpt":{"rendered":"<p>Cookie policy VAD \u00c4R EN &#8221;COOKIE&#8221;?En cookie \u00e4r sm\u00e5 textfiler som skickas fr\u00e5n en webbplats till din webbl\u00e4sare. Dessa lagras p\u00e5 din dator och m\u00f6jligg\u00f6r att webbplatsen eller tj\u00e4nsten du bes\u00f6ker kan k\u00e4nna igen din webbl\u00e4sare och f\u00f6ra statistik. Vi anv\u00e4nder s\u00e5 kallade icke-integritetskr\u00e4nkande cookies. Dessa hj\u00e4lper oss att sammanst\u00e4lla och samla in anonym data [&hellip;]<\/p>","protected":false},"author":4,"featured_media":0,"parent":0,"menu_order":0,"comment_status":"closed","ping_status":"closed","template":"elementor_header_footer","meta":{"ocean_post_layout":"","ocean_both_sidebars_style":"","ocean_both_sidebars_content_width":0,"ocean_both_sidebars_sidebars_width":0,"ocean_sidebar":"","ocean_second_sidebar":"","ocean_disable_margins":"enable","ocean_add_body_class":"","ocean_shortcode_before_top_bar":"","ocean_shortcode_after_top_bar":"","ocean_shortcode_before_header":"","ocean_shortcode_after_header":"","ocean_has_shortcode":"","ocean_shortcode_after_title":"","ocean_shortcode_before_footer_widgets":"","ocean_shortcode_after_footer_widgets":"","ocean_shortcode_before_footer_bottom":"","ocean_shortcode_after_footer_bottom":"","ocean_display_top_bar":"default","ocean_display_header":"default","ocean_header_style":"","ocean_center_header_left_menu":"","ocean_custom_header_template":"","ocean_custom_logo":0,"ocean_custom_retina_logo":0,"ocean_custom_logo_max_width":0,"ocean_custom_logo_tablet_max_width":0,"ocean_custom_logo_mobile_max_width":0,"ocean_custom_logo_max_height":0,"ocean_custom_logo_tablet_max_height":0,"ocean_custom_logo_mobile_max_height":0,"ocean_header_custom_menu":"","ocean_menu_typo_font_family":"","ocean_menu_typo_font_subset":"","ocean_menu_typo_font_size":0,"ocean_menu_typo_font_size_tablet":0,"ocean_menu_typo_font_size_mobile":0,"ocean_menu_typo_font_size_unit":"px","ocean_menu_typo_font_weight":"","ocean_menu_typo_font_weight_tablet":"","ocean_menu_typo_font_weight_mobile":"","ocean_menu_typo_transform":"","ocean_menu_typo_transform_tablet":"","ocean_menu_typo_transform_mobile":"","ocean_menu_typo_line_height":0,"ocean_menu_typo_line_height_tablet":0,"ocean_menu_typo_line_height_mobile":0,"ocean_menu_typo_line_height_unit":"","ocean_menu_typo_spacing":0,"ocean_menu_typo_spacing_tablet":0,"ocean_menu_typo_spacing_mobile":0,"ocean_menu_typo_spacing_unit":"","ocean_menu_link_color":"","ocean_menu_link_color_hover":"","ocean_menu_link_color_active":"","ocean_menu_link_background":"","ocean_menu_link_hover_background":"","ocean_menu_link_active_background":"","ocean_menu_social_links_bg":"","ocean_menu_social_hover_links_bg":"","ocean_menu_social_links_color":"","ocean_menu_social_hover_links_color":"","ocean_disable_title":"default","ocean_disable_heading":"default","ocean_post_title":"","ocean_post_subheading":"","ocean_post_title_style":"","ocean_post_title_background_color":"","ocean_post_title_background":0,"ocean_post_title_bg_image_position":"","ocean_post_title_bg_image_attachment":"","ocean_post_title_bg_image_repeat":"","ocean_post_title_bg_image_size":"","ocean_post_title_height":0,"ocean_post_title_bg_overlay":0.5,"ocean_post_title_bg_overlay_color":"","ocean_disable_breadcrumbs":"default","ocean_breadcrumbs_color":"","ocean_breadcrumbs_separator_color":"","ocean_breadcrumbs_links_color":"","ocean_breadcrumbs_links_hover_color":"","ocean_display_footer_widgets":"default","ocean_display_footer_bottom":"default","ocean_custom_footer_template":"","footnotes":""},"class_list":["post-2123","page","type-page","status-publish","hentry","entry"],"_links":{"self":[{"href":"https:\/\/myneeds.se\/en\/wp-json\/wp\/v2\/pages\/2123","targetHints":{"allow":["GET"]}}],"collection":[{"href":"https:\/\/myneeds.se\/en\/wp-json\/wp\/v2\/pages"}],"about":[{"href":"https:\/\/myneeds.se\/en\/wp-json\/wp\/v2\/types\/page"}],"author":[{"embeddable":true,"href":"https:\/\/myneeds.se\/en\/wp-json\/wp\/v2\/users\/4"}],"replies":[{"embeddable":true,"href":"https:\/\/myneeds.se\/en\/wp-json\/wp\/v2\/comments?post=2123"}],"version-history":[{"count":7,"href":"https:\/\/myneeds.se\/en\/wp-json\/wp\/v2\/pages\/2123\/revisions"}],"predecessor-version":[{"id":2793,"href":"https:\/\/myneeds.se\/en\/wp-json\/wp\/v2\/pages\/2123\/revisions\/2793"}],"wp:attachment":[{"href":"https:\/\/myneeds.se\/en\/wp-json\/wp\/v2\/media?parent=2123"}],"curies":[{"name":"wp","href":"https:\/\/api.w.org\/{rel}","templated":true}]}}