{"id":1986,"date":"2021-11-15T14:35:43","date_gmt":"2021-11-15T14:35:43","guid":{"rendered":"https:\/\/myneeds.se\/?page_id=1986"},"modified":"2021-11-15T14:39:32","modified_gmt":"2021-11-15T14:39:32","slug":"integritetspolicy","status":"publish","type":"page","link":"https:\/\/myneeds.se\/en\/integritetspolicy\/","title":{"rendered":"Integrity policy"},"content":{"rendered":"<div data-elementor-type=\"wp-page\" data-elementor-id=\"1986\" class=\"elementor elementor-1986\" data-elementor-post-type=\"page\">\n\t\t\t\t\t\t\t\t\t<section class=\"elementor-section elementor-top-section elementor-element elementor-element-02f5a95 elementor-section-height-min-height elementor-section-items-stretch elementor-section-stretched elementor-section-boxed elementor-section-height-default\" data-id=\"02f5a95\" data-element_type=\"section\" data-settings=\"{&quot;background_background&quot;:&quot;gradient&quot;,&quot;stretch_section&quot;:&quot;section-stretched&quot;}\">\n\t\t\t\t\t\t\t<div class=\"elementor-background-overlay\"><\/div>\n\t\t\t\t\t\t\t<div class=\"elementor-container elementor-column-gap-default\">\n\t\t\t\t\t<div class=\"elementor-column elementor-col-100 elementor-top-column elementor-element elementor-element-709f42b\" data-id=\"709f42b\" data-element_type=\"column\">\n\t\t\t<div class=\"elementor-widget-wrap elementor-element-populated\">\n\t\t\t\t\t\t\t\t<div class=\"elementor-element elementor-element-6832f03 elementor-widget elementor-widget-heading\" data-id=\"6832f03\" data-element_type=\"widget\" data-widget_type=\"heading.default\">\n\t\t\t\t<div class=\"elementor-widget-container\">\n\t\t\t<style>\/*! elementor - v3.14.0 - 26-06-2023 *\/\n.elementor-heading-title{padding:0;margin:0;line-height:1}.elementor-widget-heading .elementor-heading-title[class*=elementor-size-]>a{color:inherit;font-size:inherit;line-height:inherit}.elementor-widget-heading .elementor-heading-title.elementor-size-small{font-size:15px}.elementor-widget-heading .elementor-heading-title.elementor-size-medium{font-size:19px}.elementor-widget-heading .elementor-heading-title.elementor-size-large{font-size:29px}.elementor-widget-heading .elementor-heading-title.elementor-size-xl{font-size:39px}.elementor-widget-heading .elementor-heading-title.elementor-size-xxl{font-size:59px}<\/style><h2 class=\"elementor-heading-title elementor-size-default\">Integrity policy<\/h2>\t\t<\/div>\n\t\t\t\t<\/div>\n\t\t\t\t<div class=\"elementor-element elementor-element-3284da5 elementor-widget elementor-widget-text-editor\" data-id=\"3284da5\" data-element_type=\"widget\" data-widget_type=\"text-editor.default\">\n\t\t\t\t<div class=\"elementor-widget-container\">\n\t\t\t<style>\/*! elementor - v3.14.0 - 26-06-2023 *\/\n.elementor-widget-text-editor.elementor-drop-cap-view-stacked .elementor-drop-cap{background-color:#69727d;color:#fff}.elementor-widget-text-editor.elementor-drop-cap-view-framed .elementor-drop-cap{color:#69727d;border:3px solid;background-color:transparent}.elementor-widget-text-editor:not(.elementor-drop-cap-view-default) .elementor-drop-cap{margin-top:8px}.elementor-widget-text-editor:not(.elementor-drop-cap-view-default) .elementor-drop-cap-letter{width:1em;height:1em}.elementor-widget-text-editor .elementor-drop-cap{float:left;text-align:center;line-height:1;font-size:50px}.elementor-widget-text-editor .elementor-drop-cap-letter{display:inline-block}<\/style>\t\t\t\t<h1>Integrity policy <br \/>Behandling av personuppgifter p\u00e5 MyNeeds AB\u00a0 \u00a0 \u00a0 \u00a0 \u00a0 \u00a0 \u00a0 \u00a0 \u00a0 2021-11-15<\/h1><p>F\u00f6r MyNeeds AB \u00e4r personlig integritet viktigt. Vi efterstr\u00e4var en h\u00f6g niv\u00e5 av dataskydd. I denna policy f\u00f6rklarar vi hur vi samlar in och anv\u00e4nder personuppgifter. Vi beskriver ocks\u00e5 dina r\u00e4ttigheter och hur du kan g\u00f6ra dem g\u00e4llande.<\/p><p>Du \u00e4r alltid v\u00e4lkommen att kontakta oss om du har fr\u00e5gor om hur vi behandlar dina personuppgifter. Kontaktuppgifter st\u00e5r sist i denna text.<\/p><h2>\u00a0<\/h2><h2>Vad \u00e4r en personuppgift och vad \u00e4r en behandling av personuppgifter?<\/h2><p>Personuppgifter \u00e4r alla uppgifter om en levande fysisk person som direkt eller indirekt kan kopplas till den personen. Det handlar inte bara om namn och personnummer utan \u00e4ven om till exempel bilder och e-postadresser.<\/p><p>Behandling av personuppgifter \u00e4r allt som sker med personuppgifterna i IT-systemen, oavsett om det handlar om mobila enheter eller datorer. Det handlar om till exempel insamling, registrering, strukturering, lagring, bearbetning och \u00f6verf\u00f6ring. I vissa fall kan \u00e4ven manuella register omfattas.<\/p><h2>\u00a0<\/h2><h2>Personuppgiftsansvarig<\/h2><p>MyNeeds AB \u00e4r personuppgiftsansvarig. (Ringv\u00e4gen 126, 137 31 V\u00e4sterhaninge)<\/p><h2>\u00a0<\/h2><h2>Vilka personuppgifter samlar vi in om dig och varf\u00f6r?<\/h2><p>Vi behandlar i huvudsak ditt namn, personnummer, adress, e-post och kontaktuppgifter.<\/p><p>Vi behandlar dina personuppgifter f\u00f6r att kunna fullg\u00f6ra v\u00e5ra skyldigheter enligt lagstiftningen.<\/p><h2>\u00a0<\/h2><h2>Personuppgiftsbitr\u00e4den<\/h2><p>I en del situationer \u00e4r det n\u00f6dv\u00e4ndigt f\u00f6r oss att anlita andra parter. Till exempel olika IT-leverant\u00f6rer f\u00f6r system. De \u00e4r d\u00e5 personuppgiftsbitr\u00e4den till oss. Vi kontrollerar personuppgiftsbitr\u00e4den f\u00f6r att s\u00e4kerst\u00e4lla att de garanterar s\u00e4kerheten och sekretessen f\u00f6r personuppgifterna. N\u00e4r personuppgiftsbitr\u00e4den anlitas sker det bara f\u00f6r de \u00e4ndam\u00e5l som \u00e4r f\u00f6renliga med de \u00e4ndam\u00e5l vi sj\u00e4lva har f\u00f6r behandlingen.<\/p><h2>\u00a0<\/h2><h2>Akt\u00f6rer som \u00e4r sj\u00e4lvst\u00e4ndigt personuppgiftsansvariga<\/h2><p>Vi delar \u00e4ven dina personuppgifter med vissa andra akt\u00f6rer som \u00e4r sj\u00e4lvst\u00e4ndigt personuppgiftsansvariga, till exempel myndigheter som Skatteverket, n\u00e4r vi \u00e4r skyldiga att l\u00e4mna ut s\u00e5dana uppgifter med st\u00f6d av lag eller myndighetsbeslut. N\u00e4r dina personuppgifter delas med en akt\u00f6r som \u00e4r sj\u00e4lvst\u00e4ndigt personuppgiftsansvarig g\u00e4ller den organisationens integritetspolicy och personuppgiftshantering.<\/p><h2>\u00a0<\/h2><h2>Hur l\u00e4nge sparar vi dina personuppgifter?<\/h2><p>Vi sparar aldrig dina personuppgifter l\u00e4ngre \u00e4n vad som \u00e4r n\u00f6dv\u00e4ndigt f\u00f6r respektive \u00e4ndam\u00e5l. Vissa uppgifter i bokf\u00f6ringen beh\u00f6ver p\u00e5 grund av lagstiftning till exempel sparas minst sju \u00e5r.<\/p><h2>\u00a0<\/h2><h2>Vad \u00e4r dina r\u00e4ttigheter som registrerad?<\/h2><p>Som registrerad har du enligt g\u00e4llande lagstiftning ett antal r\u00e4ttigheter. Du har r\u00e4tt till att f\u00e5 ett utdrag som visar vilka personuppgifter vi har registrerade om dig. Du kan beg\u00e4ra r\u00e4ttelse av felaktiga uppgifter och i vissa fall radering.<\/p><h2>\u00a0<\/h2><h2>Kontakta oss vid fr\u00e5gor om hur vi behandlar personuppgifter.<\/h2><p>Om du har fr\u00e5gor om hur vi behandlar personuppgifter kontakta Desir\u00e9e Rova &#8211;\u00a0<a href=\"mailto:desiree@myneeds.se\">desiree@myneeds.se<\/a>\u00a0 &#8211; som \u00e4r ansvarig f\u00f6r personuppgiftsfr\u00e5gor.<br \/><br \/>Vi kan komma att g\u00f6ra \u00e4ndringar i v\u00e5r integritetspolicy. Den senaste versionen av integritetspolicyn finns alltid h\u00e4r p\u00e5 webbplatsen.<\/p>\t\t\t\t\t\t<\/div>\n\t\t\t\t<\/div>\n\t\t\t\t\t<\/div>\n\t\t<\/div>\n\t\t\t\t\t\t\t<\/div>\n\t\t<\/section>\n\t\t\t\t\t\t\t<\/div>","protected":false},"excerpt":{"rendered":"<p>Integritetspolicy Integritetspolicy Behandling av personuppgifter p\u00e5 MyNeeds AB\u00a0 \u00a0 \u00a0 \u00a0 \u00a0 \u00a0 \u00a0 \u00a0 \u00a0 2021-11-15 F\u00f6r MyNeeds AB \u00e4r personlig integritet viktigt. Vi efterstr\u00e4var en h\u00f6g niv\u00e5 av dataskydd. I denna policy f\u00f6rklarar vi hur vi samlar in och anv\u00e4nder personuppgifter. Vi beskriver ocks\u00e5 dina r\u00e4ttigheter och hur du kan g\u00f6ra dem g\u00e4llande. [&hellip;]<\/p>","protected":false},"author":1,"featured_media":0,"parent":0,"menu_order":0,"comment_status":"closed","ping_status":"closed","template":"elementor_header_footer","meta":{"ocean_post_layout":"","ocean_both_sidebars_style":"","ocean_both_sidebars_content_width":0,"ocean_both_sidebars_sidebars_width":0,"ocean_sidebar":"","ocean_second_sidebar":"","ocean_disable_margins":"enable","ocean_add_body_class":"","ocean_shortcode_before_top_bar":"","ocean_shortcode_after_top_bar":"","ocean_shortcode_before_header":"","ocean_shortcode_after_header":"","ocean_has_shortcode":"","ocean_shortcode_after_title":"","ocean_shortcode_before_footer_widgets":"","ocean_shortcode_after_footer_widgets":"","ocean_shortcode_before_footer_bottom":"","ocean_shortcode_after_footer_bottom":"","ocean_display_top_bar":"default","ocean_display_header":"default","ocean_header_style":"","ocean_center_header_left_menu":"","ocean_custom_header_template":"","ocean_custom_logo":0,"ocean_custom_retina_logo":0,"ocean_custom_logo_max_width":0,"ocean_custom_logo_tablet_max_width":0,"ocean_custom_logo_mobile_max_width":0,"ocean_custom_logo_max_height":0,"ocean_custom_logo_tablet_max_height":0,"ocean_custom_logo_mobile_max_height":0,"ocean_header_custom_menu":"","ocean_menu_typo_font_family":"","ocean_menu_typo_font_subset":"","ocean_menu_typo_font_size":0,"ocean_menu_typo_font_size_tablet":0,"ocean_menu_typo_font_size_mobile":0,"ocean_menu_typo_font_size_unit":"px","ocean_menu_typo_font_weight":"","ocean_menu_typo_font_weight_tablet":"","ocean_menu_typo_font_weight_mobile":"","ocean_menu_typo_transform":"","ocean_menu_typo_transform_tablet":"","ocean_menu_typo_transform_mobile":"","ocean_menu_typo_line_height":0,"ocean_menu_typo_line_height_tablet":0,"ocean_menu_typo_line_height_mobile":0,"ocean_menu_typo_line_height_unit":"","ocean_menu_typo_spacing":0,"ocean_menu_typo_spacing_tablet":0,"ocean_menu_typo_spacing_mobile":0,"ocean_menu_typo_spacing_unit":"","ocean_menu_link_color":"","ocean_menu_link_color_hover":"","ocean_menu_link_color_active":"","ocean_menu_link_background":"","ocean_menu_link_hover_background":"","ocean_menu_link_active_background":"","ocean_menu_social_links_bg":"","ocean_menu_social_hover_links_bg":"","ocean_menu_social_links_color":"","ocean_menu_social_hover_links_color":"","ocean_disable_title":"default","ocean_disable_heading":"default","ocean_post_title":"","ocean_post_subheading":"","ocean_post_title_style":"","ocean_post_title_background_color":"","ocean_post_title_background":0,"ocean_post_title_bg_image_position":"","ocean_post_title_bg_image_attachment":"","ocean_post_title_bg_image_repeat":"","ocean_post_title_bg_image_size":"","ocean_post_title_height":0,"ocean_post_title_bg_overlay":0.5,"ocean_post_title_bg_overlay_color":"","ocean_disable_breadcrumbs":"default","ocean_breadcrumbs_color":"","ocean_breadcrumbs_separator_color":"","ocean_breadcrumbs_links_color":"","ocean_breadcrumbs_links_hover_color":"","ocean_display_footer_widgets":"default","ocean_display_footer_bottom":"default","ocean_custom_footer_template":"","footnotes":""},"class_list":["post-1986","page","type-page","status-publish","hentry","entry"],"_links":{"self":[{"href":"https:\/\/myneeds.se\/en\/wp-json\/wp\/v2\/pages\/1986","targetHints":{"allow":["GET"]}}],"collection":[{"href":"https:\/\/myneeds.se\/en\/wp-json\/wp\/v2\/pages"}],"about":[{"href":"https:\/\/myneeds.se\/en\/wp-json\/wp\/v2\/types\/page"}],"author":[{"embeddable":true,"href":"https:\/\/myneeds.se\/en\/wp-json\/wp\/v2\/users\/1"}],"replies":[{"embeddable":true,"href":"https:\/\/myneeds.se\/en\/wp-json\/wp\/v2\/comments?post=1986"}],"version-history":[{"count":6,"href":"https:\/\/myneeds.se\/en\/wp-json\/wp\/v2\/pages\/1986\/revisions"}],"predecessor-version":[{"id":1992,"href":"https:\/\/myneeds.se\/en\/wp-json\/wp\/v2\/pages\/1986\/revisions\/1992"}],"wp:attachment":[{"href":"https:\/\/myneeds.se\/en\/wp-json\/wp\/v2\/media?parent=1986"}],"curies":[{"name":"wp","href":"https:\/\/api.w.org\/{rel}","templated":true}]}}